{"id":794,"date":"2025-09-10T20:59:36","date_gmt":"2025-09-10T20:59:36","guid":{"rendered":"http:\/\/localhost\/wordpress\/?page_id=794"},"modified":"2025-11-05T02:38:48","modified_gmt":"2025-11-05T02:38:48","slug":"nosotros","status":"publish","type":"page","link":"https:\/\/somospecadores.com\/?page_id=794","title":{"rendered":"nosotros"},"content":{"rendered":"\t\t<div data-elementor-type=\"wp-page\" data-elementor-id=\"794\" class=\"elementor elementor-794\" data-elementor-post-type=\"page\">\n\t\t\t\t<div class=\"elementor-element elementor-element-6b3e0581 e-con-full elementor-hidden-mobile e-flex e-con e-parent\" data-id=\"6b3e0581\" data-element_type=\"container\" data-settings=\"{&quot;background_background&quot;:&quot;classic&quot;}\">\n\t\t\t\t<div class=\"elementor-element elementor-element-4a62ce6d elementor-absolute elementor-widget elementor-widget-heading\" data-id=\"4a62ce6d\" data-element_type=\"widget\" data-settings=\"{&quot;_position&quot;:&quot;absolute&quot;}\" data-widget_type=\"heading.default\">\n\t\t\t\t\t<h2 class=\"elementor-heading-title elementor-size-default\">NUESTRO ORIGEN<\/h2>\t\t\t\t<\/div>\n\t\t\t\t<div class=\"elementor-element elementor-element-4a9d2888 elementor-widget__width-inherit elementor-widget elementor-widget-image\" data-id=\"4a9d2888\" data-element_type=\"widget\" data-widget_type=\"image.default\">\n\t\t\t\t\t\t\t\t\t\t\t\t\t\t\t<img fetchpriority=\"high\" decoding=\"async\" width=\"1920\" height=\"1080\" src=\"https:\/\/somospecadores.com\/wp-content\/uploads\/2025\/09\/Preview-Home_2-horizontal.png\" class=\"attachment-full size-full wp-image-674\" alt=\"\" srcset=\"https:\/\/somospecadores.com\/wp-content\/uploads\/2025\/09\/Preview-Home_2-horizontal.png 1920w, https:\/\/somospecadores.com\/wp-content\/uploads\/2025\/09\/Preview-Home_2-horizontal-300x169.png 300w, https:\/\/somospecadores.com\/wp-content\/uploads\/2025\/09\/Preview-Home_2-horizontal-1024x576.png 1024w, https:\/\/somospecadores.com\/wp-content\/uploads\/2025\/09\/Preview-Home_2-horizontal-768x432.png 768w, https:\/\/somospecadores.com\/wp-content\/uploads\/2025\/09\/Preview-Home_2-horizontal-1536x864.png 1536w\" sizes=\"(max-width: 1920px) 100vw, 1920px\" \/>\t\t\t\t\t\t\t\t\t\t\t\t\t\t\t<\/div>\n\t\t\t\t<div class=\"elementor-element elementor-element-27d8f90a elementor-widget__width-initial elementor-absolute elementor-widget-tablet__width-initial elementor-widget elementor-widget-text-editor\" data-id=\"27d8f90a\" data-element_type=\"widget\" data-settings=\"{&quot;_position&quot;:&quot;absolute&quot;}\" data-widget_type=\"text-editor.default\">\n\t\t\t\t\t\t\t\t\t<p>El origen de nuestro mezcal viene de la tradici\u00f3n familiar, cuyo proceso de elaboraci\u00f3n se ha heredado de generaci\u00f3n en generaci\u00f3n. Hemos cuidado con fervor el conocimiento ancestral con el que se produce, esto parea poder caracterizarnos por nuestra calidad.<\/p>\t\t\t\t\t\t\t\t<\/div>\n\t\t\t\t<div class=\"elementor-element elementor-element-362255e7 elementor-widget__width-initial elementor-absolute elementor-widget-tablet__width-initial elementor-widget elementor-widget-text-editor\" data-id=\"362255e7\" data-element_type=\"widget\" data-settings=\"{&quot;_position&quot;:&quot;absolute&quot;}\" data-widget_type=\"text-editor.default\">\n\t\t\t\t\t\t\t\t\t<span style=\"color: #e54c10; font-size: 16px;\">Somos Pecadores<\/span> viene desde lo m\u00e1s profundo de nuestros corazones, el amor a la familia, el respeto por nuestra tierra y nuestras tradiciones. Es el <span style=\"color: #e54c10;\">legado de Alfonso S\u00e1nchez <\/span> de donde nace el deseo de compartir nuestras ra\u00edces, tomar mezcal como s\u00edmbolo de uni\u00f3n y celebraci\u00f3n.\t\t\t\t\t\t\t\t<\/div>\n\t\t\t\t<div class=\"elementor-element elementor-element-7dff4a7a elementor-widget__width-initial elementor-absolute elementor-widget-tablet__width-initial elementor-widget elementor-widget-text-editor\" data-id=\"7dff4a7a\" data-element_type=\"widget\" data-settings=\"{&quot;_position&quot;:&quot;absolute&quot;}\" data-widget_type=\"text-editor.default\">\n\t\t\t\t\t\t\t\t\tEs en el pecado, donde hemos conceptualizaci\u00f3n nuestro nombre, ya que, el mismo pecado es tan antiguo como la tradici\u00f3n del mezcal.\n\t\t\t\t\t\t\t\t<\/div>\n\t\t\t\t<div class=\"elementor-element elementor-element-2bdfad8 elementor-widget__width-initial elementor-absolute elementor-widget-tablet__width-initial elementor-widget elementor-widget-text-editor\" data-id=\"2bdfad8\" data-element_type=\"widget\" data-settings=\"{&quot;_position&quot;:&quot;absolute&quot;}\" data-widget_type=\"text-editor.default\">\n\t\t\t\t\t\t\t\t\t<p>Nuestro mezcal es un producto 100% artesanal elaborado en San Luis del R\u00edo, una comunidad perteneciente al municipio de Tlacolula de Matamoros, Oaxaca. Es ah\u00ed donde bajo un estricto control de calidad y fieles a la tradici\u00f3n de la producci\u00f3n del buen mezcal, hecho a mano, con amor y respeto en cada paso del proceso de elaboraci\u00f3n.<\/p>\t\t\t\t\t\t\t\t<\/div>\n\t\t\t\t<div class=\"elementor-element elementor-element-682333fc elementor-widget__width-initial elementor-absolute elementor-widget-tablet__width-initial elementor-hidden-tablet elementor-hidden-mobile elementor-widget elementor-widget-text-editor\" data-id=\"682333fc\" data-element_type=\"widget\" data-settings=\"{&quot;_position&quot;:&quot;absolute&quot;}\" data-widget_type=\"text-editor.default\">\n\t\t\t\t\t\t\t\t\tHoy compartimos contigo ese legado, con la misma intenci\u00f3n con la que naci\u00f3.\nUnir, celebrar, pero sobre todo recordar de d\u00f3nde venimos, por todo esto\u2026 <\/br>\u201cSomos Pecadores\u201d\t\t\t\t\t\t\t\t<\/div>\n\t\t\t\t<div class=\"elementor-element elementor-element-98843cb elementor-widget__width-initial elementor-absolute elementor-widget-tablet__width-initial elementor-hidden-desktop elementor-hidden-mobile elementor-widget elementor-widget-text-editor\" data-id=\"98843cb\" data-element_type=\"widget\" data-settings=\"{&quot;_position&quot;:&quot;absolute&quot;}\" data-widget_type=\"text-editor.default\">\n\t\t\t\t\t\t\t\t\t<p>Hoy compartimos contigo ese legado, con la misma intenci\u00f3n con la que naci\u00f3.<br \/>Unir, celebrar, pero sobre todo recordar de d\u00f3nde venimos, por todo esto\u2026 \u201cSomos Pecadores\u201d<\/p>\t\t\t\t\t\t\t\t<\/div>\n\t\t\t\t<\/div>\n\t\t<div class=\"elementor-element elementor-element-3bdd41cf e-con-full elementor-hidden-mobile e-flex e-con e-parent\" data-id=\"3bdd41cf\" data-element_type=\"container\">\n\t\t\t\t<div class=\"elementor-element elementor-element-6620ecb0 elementor-widget__width-inherit elementor-widget elementor-widget-video\" data-id=\"6620ecb0\" data-element_type=\"widget\" data-settings=\"{&quot;youtube_url&quot;:&quot;https:\\\/\\\/youtu.be\\\/eczZ4Ys4knU?feature=shared&quot;,&quot;video_type&quot;:&quot;youtube&quot;,&quot;controls&quot;:&quot;yes&quot;}\" data-widget_type=\"video.default\">\n\t\t\t\t\t\t\t<div class=\"elementor-wrapper elementor-open-inline\">\n\t\t\t<div class=\"elementor-video\"><\/div>\t\t<\/div>\n\t\t\t\t\t\t<\/div>\n\t\t\t\t<\/div>\n\t\t<div class=\"elementor-element elementor-element-596f0da8 elementor-hidden-desktop elementor-hidden-tablet e-flex e-con-boxed e-con e-parent\" data-id=\"596f0da8\" data-element_type=\"container\" data-settings=\"{&quot;background_background&quot;:&quot;classic&quot;}\">\n\t\t\t\t\t<div class=\"e-con-inner\">\n\t\t\t\t<div class=\"elementor-element elementor-element-40543398 elementor-absolute elementor-widget elementor-widget-heading\" data-id=\"40543398\" data-element_type=\"widget\" data-settings=\"{&quot;_position&quot;:&quot;absolute&quot;}\" data-widget_type=\"heading.default\">\n\t\t\t\t\t<h2 class=\"elementor-heading-title elementor-size-default\">NUESTRO ORIGEN<\/h2>\t\t\t\t<\/div>\n\t\t\t\t<div class=\"elementor-element elementor-element-24ba85c1 elementor-widget__width-inherit elementor-widget elementor-widget-image\" data-id=\"24ba85c1\" data-element_type=\"widget\" data-widget_type=\"image.default\">\n\t\t\t\t\t\t\t\t\t\t\t\t\t\t\t<img decoding=\"async\" width=\"1080\" height=\"1920\" src=\"https:\/\/somospecadores.com\/wp-content\/uploads\/2025\/09\/Preview-Home_2-vertical.png\" class=\"attachment-full size-full wp-image-675\" alt=\"\" srcset=\"https:\/\/somospecadores.com\/wp-content\/uploads\/2025\/09\/Preview-Home_2-vertical.png 1080w, https:\/\/somospecadores.com\/wp-content\/uploads\/2025\/09\/Preview-Home_2-vertical-169x300.png 169w, https:\/\/somospecadores.com\/wp-content\/uploads\/2025\/09\/Preview-Home_2-vertical-576x1024.png 576w, https:\/\/somospecadores.com\/wp-content\/uploads\/2025\/09\/Preview-Home_2-vertical-768x1365.png 768w, https:\/\/somospecadores.com\/wp-content\/uploads\/2025\/09\/Preview-Home_2-vertical-864x1536.png 864w\" sizes=\"(max-width: 1080px) 100vw, 1080px\" \/>\t\t\t\t\t\t\t\t\t\t\t\t\t\t\t<\/div>\n\t\t\t\t<div class=\"elementor-element elementor-element-59f909f2 elementor-widget__width-initial elementor-absolute elementor-widget-tablet__width-initial elementor-widget-mobile__width-initial elementor-widget elementor-widget-text-editor\" data-id=\"59f909f2\" data-element_type=\"widget\" data-settings=\"{&quot;_position&quot;:&quot;absolute&quot;}\" data-widget_type=\"text-editor.default\">\n\t\t\t\t\t\t\t\t\t<p>El origen de nuestro mezcal viene de la tradici\u00f3n familiar, cuyo proceso de elaboraci\u00f3n se ha heredado de generaci\u00f3n en generaci\u00f3n. Hemos cuidado con fervor el conocimiento ancestral con el que se produce, esto parea poder caracterizarnos por nuestra calidad.<\/p>\t\t\t\t\t\t\t\t<\/div>\n\t\t\t\t<div class=\"elementor-element elementor-element-ed96be6 elementor-widget__width-initial elementor-absolute elementor-widget-tablet__width-initial elementor-widget-mobile__width-initial elementor-widget elementor-widget-text-editor\" data-id=\"ed96be6\" data-element_type=\"widget\" data-settings=\"{&quot;_position&quot;:&quot;absolute&quot;}\" data-widget_type=\"text-editor.default\">\n\t\t\t\t\t\t\t\t\t<p><span style=\"color: #e54c10;\">Somos Pecadores<\/span> viene desde lo m\u00e1s profundo de nuestros corazones, el amor a la familia, el respeto por nuestra tierra y nuestras tradiciones. Es el <span style=\"color: #e54c10;\">legado de Alfonso S\u00e1nchez <\/span> de donde nace el deseo de compartir nuestras ra\u00edces, tomar mezcal como s\u00edmbolo de uni\u00f3n y celebraci\u00f3n.<\/p>\t\t\t\t\t\t\t\t<\/div>\n\t\t\t\t<div class=\"elementor-element elementor-element-562023f1 elementor-widget__width-initial elementor-absolute elementor-widget-tablet__width-initial elementor-widget elementor-widget-text-editor\" data-id=\"562023f1\" data-element_type=\"widget\" data-settings=\"{&quot;_position&quot;:&quot;absolute&quot;}\" data-widget_type=\"text-editor.default\">\n\t\t\t\t\t\t\t\t\tEs en el pecado, donde hemos conceptualizaci\u00f3n nuestro nombre, ya que, el mismo pecado es tan antiguo como la tradici\u00f3n del mezcal.\n\t\t\t\t\t\t\t\t<\/div>\n\t\t\t\t<div class=\"elementor-element elementor-element-1244688e elementor-widget__width-initial elementor-absolute elementor-widget-tablet__width-initial elementor-widget elementor-widget-text-editor\" data-id=\"1244688e\" data-element_type=\"widget\" data-settings=\"{&quot;_position&quot;:&quot;absolute&quot;}\" data-widget_type=\"text-editor.default\">\n\t\t\t\t\t\t\t\t\t<p>Nuestro mezcal es un producto 100% artesanal elaborado en San Luis del R\u00edo, una comunidad perteneciente al municipio de Tlacolula de Matamoros, Oaxaca. Es ah\u00ed donde bajo un estricto control de calidad y fieles a la tradici\u00f3n de la producci\u00f3n del buen mezcal, hecho a mano, con amor y respeto en cada paso del proceso de elaboraci\u00f3n.<\/p>\t\t\t\t\t\t\t\t<\/div>\n\t\t\t\t<div class=\"elementor-element elementor-element-78291e26 elementor-widget__width-initial elementor-absolute elementor-widget-tablet__width-initial elementor-hidden-desktop elementor-hidden-tablet elementor-widget elementor-widget-text-editor\" data-id=\"78291e26\" data-element_type=\"widget\" data-settings=\"{&quot;_position&quot;:&quot;absolute&quot;}\" data-widget_type=\"text-editor.default\">\n\t\t\t\t\t\t\t\t\t<p>Hoy compartimos contigo ese legado, con la misma intenci\u00f3n con la que naci\u00f3.<br \/>Unir, celebrar, pero sobre todo recordar de d\u00f3nde venimos, por todo esto\u2026 \u201cSomos Pecadores\u201d<\/p>\t\t\t\t\t\t\t\t<\/div>\n\t\t\t\t\t<\/div>\n\t\t\t\t<\/div>\n\t\t<div class=\"elementor-element elementor-element-44577941 e-con-full elementor-hidden-desktop elementor-hidden-tablet e-flex e-con e-parent\" data-id=\"44577941\" data-element_type=\"container\">\n\t\t\t\t<div class=\"elementor-element elementor-element-6224fd8e elementor-widget__width-inherit elementor-widget elementor-widget-video\" data-id=\"6224fd8e\" data-element_type=\"widget\" data-settings=\"{&quot;youtube_url&quot;:&quot;https:\\\/\\\/youtu.be\\\/eczZ4Ys4knU?feature=shared&quot;,&quot;video_type&quot;:&quot;youtube&quot;,&quot;controls&quot;:&quot;yes&quot;}\" data-widget_type=\"video.default\">\n\t\t\t\t\t\t\t<div class=\"elementor-wrapper elementor-open-inline\">\n\t\t\t<div class=\"elementor-video\"><\/div>\t\t<\/div>\n\t\t\t\t\t\t<\/div>\n\t\t\t\t<\/div>\n\t\t\t\t<\/div>\n\t\t","protected":false},"excerpt":{"rendered":"<p>NUESTRO ORIGEN El origen de nuestro mezcal viene de la tradici\u00f3n familiar, cuyo proceso de elaboraci\u00f3n se ha heredado de generaci\u00f3n en generaci\u00f3n. Hemos cuidado con fervor el conocimiento ancestral con el que se produce, esto parea poder caracterizarnos por nuestra calidad. Somos Pecadores viene desde lo m\u00e1s profundo de nuestros corazones, el amor a la familia, el respeto por nuestra tierra y nuestras tradiciones. Es el legado de Alfonso S\u00e1nchez de donde nace el deseo de compartir nuestras ra\u00edces, tomar mezcal como s\u00edmbolo de uni\u00f3n y celebraci\u00f3n.Es en el pecado, donde hemos conceptualizaci\u00f3n nuestro nombre, ya que, el mismo pecado es tan antiguo como la tradici\u00f3n del mezcal. Nuestro mezcal es un producto 100% artesanal elaborado en San Luis del R\u00edo, una comunidad perteneciente al municipio de Tlacolula de Matamoros, Oaxaca. Es ah\u00ed donde bajo un estricto control de calidad y fieles a la tradici\u00f3n de la producci\u00f3n del&hellip;<\/p>\n<p> <a class=\"more-link\" href=\"https:\/\/somospecadores.com\/?page_id=794\">Read more<\/a><\/p>\n","protected":false},"author":1,"featured_media":0,"parent":0,"menu_order":0,"comment_status":"closed","ping_status":"closed","template":"elementor_header_footer","meta":{"footnotes":""},"class_list":["post-794","page","type-page","status-publish"],"_links":{"self":[{"href":"https:\/\/somospecadores.com\/index.php?rest_route=\/wp\/v2\/pages\/794","targetHints":{"allow":["GET"]}}],"collection":[{"href":"https:\/\/somospecadores.com\/index.php?rest_route=\/wp\/v2\/pages"}],"about":[{"href":"https:\/\/somospecadores.com\/index.php?rest_route=\/wp\/v2\/types\/page"}],"author":[{"embeddable":true,"href":"https:\/\/somospecadores.com\/index.php?rest_route=\/wp\/v2\/users\/1"}],"replies":[{"embeddable":true,"href":"https:\/\/somospecadores.com\/index.php?rest_route=%2Fwp%2Fv2%2Fcomments&post=794"}],"version-history":[{"count":7,"href":"https:\/\/somospecadores.com\/index.php?rest_route=\/wp\/v2\/pages\/794\/revisions"}],"predecessor-version":[{"id":917,"href":"https:\/\/somospecadores.com\/index.php?rest_route=\/wp\/v2\/pages\/794\/revisions\/917"}],"wp:attachment":[{"href":"https:\/\/somospecadores.com\/index.php?rest_route=%2Fwp%2Fv2%2Fmedia&parent=794"}],"curies":[{"name":"wp","href":"https:\/\/api.w.org\/{rel}","templated":true}]}}