{"id":727,"date":"2025-09-10T05:37:27","date_gmt":"2025-09-10T05:37:27","guid":{"rendered":"http:\/\/localhost\/wordpress\/?page_id=727"},"modified":"2025-09-10T06:12:43","modified_gmt":"2025-09-10T06:12:43","slug":"inicio","status":"publish","type":"page","link":"https:\/\/somospecadores.com\/","title":{"rendered":"Inicio"},"content":{"rendered":"\t\t<div data-elementor-type=\"wp-page\" data-elementor-id=\"727\" class=\"elementor elementor-727\" data-elementor-post-type=\"page\">\n\t\t\t\t<div class=\"elementor-element elementor-element-2350173 e-con-full e-flex e-con e-parent\" data-id=\"2350173\" data-element_type=\"container\">\n\t\t\t\t<div class=\"elementor-element elementor-element-314655f elementor-widget__width-inherit pa-carousel-template elementor-widget elementor-widget-premium-carousel-widget\" data-id=\"314655f\" data-element_type=\"widget\" data-widget_type=\"premium-carousel-widget.default\">\n\t\t\t\t\t\t\t<div id=\"premium-carousel-wrapper-314655f\" class=\"premium-carousel-wrapper premium-carousel-hidden carousel-wrapper-314655f \" data-settings=\"{&quot;vertical&quot;:false,&quot;appearance&quot;:&quot;all&quot;,&quot;slidesToShow&quot;:1,&quot;infinite&quot;:true,&quot;speed&quot;:300,&quot;fade&quot;:false,&quot;autoplay&quot;:true,&quot;autoplaySpeed&quot;:5000,&quot;draggable&quot;:true,&quot;touchMove&quot;:true,&quot;adaptiveHeight&quot;:false,&quot;variableWidth&quot;:false,&quot;cssEase&quot;:&quot;ease&quot;,&quot;pauseOnHover&quot;:false,&quot;centerMode&quot;:false,&quot;arrows&quot;:true,&quot;dots&quot;:false,&quot;slidesDesk&quot;:1,&quot;slidesTab&quot;:1,&quot;slidesMob&quot;:1,&quot;animation&quot;:&quot;null&quot;,&quot;tabletBreak&quot;:1025,&quot;mobileBreak&quot;:768,&quot;navigation&quot;:[&quot;&quot;,&quot;&quot;,&quot;&quot;,&quot;&quot;,&quot;&quot;,&quot;&quot;,&quot;&quot;,&quot;&quot;],&quot;carouselNavigation&quot;:&quot;none&quot;,&quot;templatesNumber&quot;:8}\">\r\n\t\t\t\t\t\t\t\t\t\t<div class=\"premium-carousel-nav-arrow-prev\">\r\n\t\t\t\t\t<a type=\"button\" data-role=\"none\" class=\"carousel-arrow carousel-prev\" aria-label=\"Previous\" role=\"button\">\r\n\t\t\t\t\t\t\t\t\t\t\t\t\t<i class=\"fas fa-chevron-left\" aria-hidden=\"true\"><\/i>\r\n\t\t\t\t\t\t\t\t\t\t\t\t<\/a>\r\n\t\t\t\t\t<\/div>\r\n\t\t\t\t\t<div class=\"premium-carousel-nav-arrow-next\">\r\n\t\t\t\t\t\t<a type=\"button\" data-role=\"none\" class=\"carousel-arrow carousel-next\" aria-label=\"Next\" role=\"button\">\r\n\t\t\t\t\t\t\t\t\t\t\t\t\t\t\t<i class=\"fas fa-chevron-right\" aria-hidden=\"true\"><\/i>\r\n\t\t\t\t\t\t\t\t\t\t\t\t\t\t<\/a>\r\n\t\t\t\t\t<\/div>\r\n\t\t\t\t\t\t<div id=\"premium-carousel-314655f\" class=\"premium-carousel-inner\">\r\n\t\t\t\t\t\t\t\t\t\t<div class=\"premium-carousel-template item-wrapper\">\r\n\t\t\t\t\t\t\t\r\n\t\t\t\t\t\t\t\t\t\t\t\t\t<\/div>\r\n\t\t\t\t\t\t\t\t\t\t\t\t<div class=\"premium-carousel-template item-wrapper\">\r\n\t\t\t\t\t\t\t\r\n\t\t\t\t\t\t\t\t\t\t\t\t\t<\/div>\r\n\t\t\t\t\t\t\t\t\t\t\t\t<div class=\"premium-carousel-template item-wrapper\">\r\n\t\t\t\t\t\t\t\r\n\t\t\t\t\t\t\t\t\t\t\t\t\t<\/div>\r\n\t\t\t\t\t\t\t\t\t\t\t\t<div class=\"premium-carousel-template item-wrapper\">\r\n\t\t\t\t\t\t\t\r\n\t\t\t\t\t\t\t\t\t\t\t\t\t<\/div>\r\n\t\t\t\t\t\t\t\t\t\t\t\t<div class=\"premium-carousel-template item-wrapper\">\r\n\t\t\t\t\t\t\t\r\n\t\t\t\t\t\t\t\t\t\t\t\t\t<\/div>\r\n\t\t\t\t\t\t\t\t\t\t\t\t<div class=\"premium-carousel-template item-wrapper\">\r\n\t\t\t\t\t\t\t\r\n\t\t\t\t\t\t\t\t\t\t\t\t\t<\/div>\r\n\t\t\t\t\t\t\t\t\t\t\t\t<div class=\"premium-carousel-template item-wrapper\">\r\n\t\t\t\t\t\t\t\r\n\t\t\t\t\t\t\t\t\t\t\t\t\t<\/div>\r\n\t\t\t\t\t\t\t\t\t\t\t\t<div class=\"premium-carousel-template item-wrapper\">\r\n\t\t\t\t\t\t\t\r\n\t\t\t\t\t\t\t\t\t\t\t\t\t<\/div>\r\n\t\t\t\t\t\t\t\t\t<\/div>\r\n\t\t\t\t\t\t\t\t<\/div>\r\n\t\t\t\t\t\t<\/div>\n\t\t\t\t<\/div>\n\t\t\t\t<\/div>\n\t\t","protected":false},"excerpt":{"rendered":"<p>El Status Quo nos indica que pecar es malo. Nosotros pensamos que disfrutar no es pecar, pero&#8230; Si as\u00ed lo fuese, vale la pena ser pecadores. El Status Quo nos indica que pecar es malo. Nosotros pensamos que disfrutar no es pecar, pero&#8230; Si as\u00ed lo fuese, vale la pena ser pecadores. La esencia m\u00e1s pura de M\u00e9xico,en tus manos. La esencia m\u00e1s pura de M\u00e9xico,en tus manos. Cada botella representa el respeto pornuestra tierra y nuestras tradiciones. San Luis del R\u00edo, Oaxaca Cada botella representa el respeto por nuestra tierra y nuestras tradiciones. San Luis del R\u00edo, Oaxaca M\u00e1s que un mezcal, un legado. Mezcal para quienes no aceptan lo ordinario. M\u00e1s que un mezcal, un legado. Mezcal para quienes no aceptan lo ordinario. UN LEGADO que se comparte con el mundo entero. UN LEGADO que se comparte con el mundo entero. Fieles al proceso artesanal, creamos el mejor&hellip;<\/p>\n<p> <a class=\"more-link\" href=\"https:\/\/somospecadores.com\/\">Read more<\/a><\/p>\n","protected":false},"author":1,"featured_media":0,"parent":0,"menu_order":0,"comment_status":"closed","ping_status":"closed","template":"elementor_header_footer","meta":{"footnotes":""},"class_list":["post-727","page","type-page","status-publish"],"_links":{"self":[{"href":"https:\/\/somospecadores.com\/index.php?rest_route=\/wp\/v2\/pages\/727","targetHints":{"allow":["GET"]}}],"collection":[{"href":"https:\/\/somospecadores.com\/index.php?rest_route=\/wp\/v2\/pages"}],"about":[{"href":"https:\/\/somospecadores.com\/index.php?rest_route=\/wp\/v2\/types\/page"}],"author":[{"embeddable":true,"href":"https:\/\/somospecadores.com\/index.php?rest_route=\/wp\/v2\/users\/1"}],"replies":[{"embeddable":true,"href":"https:\/\/somospecadores.com\/index.php?rest_route=%2Fwp%2Fv2%2Fcomments&post=727"}],"version-history":[{"count":7,"href":"https:\/\/somospecadores.com\/index.php?rest_route=\/wp\/v2\/pages\/727\/revisions"}],"predecessor-version":[{"id":738,"href":"https:\/\/somospecadores.com\/index.php?rest_route=\/wp\/v2\/pages\/727\/revisions\/738"}],"wp:attachment":[{"href":"https:\/\/somospecadores.com\/index.php?rest_route=%2Fwp%2Fv2%2Fmedia&parent=727"}],"curies":[{"name":"wp","href":"https:\/\/api.w.org\/{rel}","templated":true}]}}