{"id":268,"date":"2025-08-29T05:45:59","date_gmt":"2025-08-29T05:45:59","guid":{"rendered":"http:\/\/localhost\/wordpress\/?page_id=268"},"modified":"2025-11-06T01:07:10","modified_gmt":"2025-11-06T01:07:10","slug":"procesos","status":"publish","type":"page","link":"https:\/\/somospecadores.com\/?page_id=268","title":{"rendered":"Procesos"},"content":{"rendered":"\t\t<div data-elementor-type=\"wp-page\" data-elementor-id=\"268\" class=\"elementor elementor-268\" data-elementor-post-type=\"page\">\n\t\t\t\t<div class=\"elementor-element elementor-element-da82608 e-con-full e-flex e-con e-parent\" data-id=\"da82608\" data-element_type=\"container\" data-settings=\"{&quot;background_background&quot;:&quot;classic&quot;}\">\n\t\t\t\t<div class=\"elementor-element elementor-element-d4425b4 elementor-widget-mobile__width-inherit elementor-widget__width-inherit elementor--h-position-center elementor--v-position-middle elementor-arrows-position-inside elementor-pagination-position-inside elementor-widget elementor-widget-slides\" data-id=\"d4425b4\" data-element_type=\"widget\" data-settings=\"{&quot;navigation&quot;:&quot;both&quot;,&quot;autoplay&quot;:&quot;yes&quot;,&quot;pause_on_hover&quot;:&quot;yes&quot;,&quot;pause_on_interaction&quot;:&quot;yes&quot;,&quot;autoplay_speed&quot;:5000,&quot;infinite&quot;:&quot;yes&quot;,&quot;transition&quot;:&quot;slide&quot;,&quot;transition_speed&quot;:500}\" data-widget_type=\"slides.default\">\n\t\t\t\t\t\t\t\t\t\t<div class=\"elementor-slides-wrapper elementor-main-swiper swiper\" role=\"region\" aria-roledescription=\"carousel\" aria-label=\"Slides\" dir=\"ltr\" data-animation=\"fadeInUp\">\n\t\t\t\t<div class=\"swiper-wrapper elementor-slides\">\n\t\t\t\t\t\t\t\t\t\t<div class=\"elementor-repeater-item-9acf66a swiper-slide\" role=\"group\" aria-roledescription=\"slide\"><div class=\"swiper-slide-bg\" role=\"img\"><\/div><div class=\"swiper-slide-inner\" ><div class=\"swiper-slide-contents\"><div class=\"elementor-slide-heading\">PALENQUE<\/div><div class=\"elementor-slide-description\"><p>Ante el mundo, el mezcal se ha reconocido como parte del patrimonio oaxaque\u00f1o, donde se concentra el 80% de la producci\u00f3n de mezcal, la mayor variedad y diversidad de agave del pa\u00eds.<br\/><br\/>\n\u201cPalenque\u201d, es como se les llama a las f\u00e1bricas de mezcal en Oaxaca, es ah\u00ed donde se produce nuestro elixir, realizamos su producci\u00f3n bajo la t\u00e9cnica artesanal que se ha conservado durante a\u00f1os\ny utilizando recursos naturales de sus propios cultivos.<br\/><br\/>\nEn el proceso se involucran varias etapas donde transformamos el agave en una bebida m\u00edstica y\nespirituosa con caracter\u00edsticas y sabores \u00fanicos.<br\/><\/p><\/div><\/div><\/div><\/div><div class=\"elementor-repeater-item-fdcc6dc swiper-slide\" role=\"group\" aria-roledescription=\"slide\"><div class=\"swiper-slide-bg\" role=\"img\"><\/div><div class=\"swiper-slide-inner\" ><div class=\"swiper-slide-contents\"><div class=\"elementor-slide-heading\"><p>CORTE DEL MAGUEY<p\/> <\/div><div class=\"elementor-slide-description\"><p>El proceso inicia con el corte del maguey, en esta etapa seleccionamos y recolectamos las pi\u00f1as (corazones de agave) que han alcanzado el punto \u00f3ptimo de madurez.<br\/><br\/>Eso indica que se ha concentrado la mayor cantidad de az\u00facar, entonces cortamos las pencas y extraemos las pi\u00f1as separ\u00e1ndolas de la ra\u00edz.<\/p><\/div><\/div><\/div><\/div><div class=\"elementor-repeater-item-e74e3f2 swiper-slide\" role=\"group\" aria-roledescription=\"slide\"><div class=\"swiper-slide-bg\" role=\"img\"><\/div><div class=\"swiper-slide-inner\" ><div class=\"swiper-slide-contents\"><div class=\"elementor-slide-heading\"><p>COCIDO DE PI\u00d1AS <p\/> <\/div><div class=\"elementor-slide-description\"><p>Los hornos de tierra tradicionales tienen forma c\u00f3nica, es ah\u00ed donde se coloca la le\u00f1a, madera de pino y piedras. Cuando las piedras est\u00e1n al rojo vivo, se colocan las pi\u00f1as. <br\/><br\/>El horno se sella con tierra, hasta que el maestro mezcalero indica que las pi\u00f1as se han cocido, es ah\u00ed cuando comenzamos a destapar el horno y esperamos a que baje la temperatura de las pi\u00f1as para sacarlas. <br\/><br\/>En esta etapa, los az\u00facares complejos se transforman en sencillos para fermentarse.<\/p><\/div><\/div><\/div><\/div><div class=\"elementor-repeater-item-149e084 swiper-slide\" role=\"group\" aria-roledescription=\"slide\"><div class=\"swiper-slide-bg\" role=\"img\"><\/div><div class=\"swiper-slide-inner\" ><div class=\"swiper-slide-contents\"><div class=\"elementor-slide-heading\"><p>MOLIENDA<p\/> <\/div><div class=\"elementor-slide-description\"><p>En nuestro m\u00e9todo tradicional, utilizamos la \u201ctahona\u201d, este tipo de molino se utilizaba desde la antig\u00fcedad en las culturas egipcias, es una piedra circular que pesa m\u00e1s de una tonelada y que gira sobre un eje. <br\/><br\/> En esta etapa se tritura el agave cocido, donde se extraen las fibras y se liberan los azucares, lo cual es de suma importancia para que durante la fermentaci\u00f3n el az\u00facar se convierta en alcohol. <\/p><\/div><\/div><\/div><\/div><div class=\"elementor-repeater-item-1a9d24b swiper-slide\" role=\"group\" aria-roledescription=\"slide\"><div class=\"swiper-slide-bg\" role=\"img\"><\/div><div class=\"swiper-slide-inner\" ><div class=\"swiper-slide-contents\"><div class=\"elementor-slide-heading\"><p>FERMENTACI\u00d3N<p\/> <\/div><div class=\"elementor-slide-description\"><p>El agave molido se deposita en tinas de madera de pino, se adiciona agua para formar el \u201cmosto\u201d, que es el que contiene los az\u00facares fermentables. Los azucares se convierten en alcohol por la acci\u00f3n de los microorganismos end\u00e9micos, principalmente levaduras. <br\/><br\/>En este proceso natural que dura varios d\u00edas, nos favorecen las condiciones climatol\u00f3gicas que aceleran de manera natural la fermentaci\u00f3n, as\u00ed como la calidad del agua de la zona donde se produce nuestro elixir. Es importante mencionar, que en esta etapa tambi\u00e9n influye la habilidad y el conocimiento del maestro mezcalero para controlar este proceso, ya que es crucial para el desarrollo de sabores y aromas finales del mezcal.<\/p><\/div><\/div><\/div><\/div><div class=\"elementor-repeater-item-caabcff swiper-slide\" role=\"group\" aria-roledescription=\"slide\"><div class=\"swiper-slide-bg\" role=\"img\"><\/div><div class=\"swiper-slide-inner\" ><div class=\"swiper-slide-contents\"><div class=\"elementor-slide-heading\"><p>DESTILACI\u00d3N<p\/><\/div><div class=\"elementor-slide-description\"><p>El bagazo se deposita en alambiques de cobre. El bagazo es el mosto fermentado. El alambique separa el fermento y las sustancias que forman el mezcal por un proceso de evaporaci\u00f3n por calentamiento y posteriormente condensaci\u00f3n por enfriamiento. <br\/><br\/>Para nuestro mezcal realizamos doble destilaci\u00f3n, en la primera obtenemos el llamado ordinario, el cual es un mezcal de baja graduaci\u00f3n alcoh\u00f3lica y con poca esencia, y en la segunda destilaci\u00f3n llamada rectificaci\u00f3n, obtenemos un mezcal entre 55 y 58 grados de volumen alcoh\u00f3lico, en el cual, se definen aromas y sabores que le dan identidad y esencia a nuestro producto. Finalmente ajustamos a la graduaci\u00f3n alcoh\u00f3lica deseada, embotellamos y etiquetamos.<\/p><\/div><\/div><\/div><\/div>\t\t\t\t<\/div>\n\t\t\t\t\t\t\t\t\t\t\t\t\t\t\t<div class=\"elementor-swiper-button elementor-swiper-button-prev\" role=\"button\" tabindex=\"0\" aria-label=\"Previous slide\">\n\t\t\t\t\t\t\t<svg aria-hidden=\"true\" class=\"e-font-icon-svg e-eicon-chevron-left\" viewBox=\"0 0 1000 1000\" xmlns=\"http:\/\/www.w3.org\/2000\/svg\"><path d=\"M646 125C629 125 613 133 604 142L308 442C296 454 292 471 292 487 292 504 296 521 308 533L604 854C617 867 629 875 646 875 663 875 679 871 692 858 704 846 713 829 713 812 713 796 708 779 692 767L438 487 692 225C700 217 708 204 708 187 708 171 704 154 692 142 675 129 663 125 646 125Z\"><\/path><\/svg>\t\t\t\t\t\t<\/div>\n\t\t\t\t\t\t<div class=\"elementor-swiper-button elementor-swiper-button-next\" role=\"button\" tabindex=\"0\" aria-label=\"Next slide\">\n\t\t\t\t\t\t\t<svg aria-hidden=\"true\" class=\"e-font-icon-svg e-eicon-chevron-right\" viewBox=\"0 0 1000 1000\" xmlns=\"http:\/\/www.w3.org\/2000\/svg\"><path d=\"M696 533C708 521 713 504 713 487 713 471 708 454 696 446L400 146C388 133 375 125 354 125 338 125 325 129 313 142 300 154 292 171 292 187 292 204 296 221 308 233L563 492 304 771C292 783 288 800 288 817 288 833 296 850 308 863 321 871 338 875 354 875 371 875 388 867 400 854L696 533Z\"><\/path><\/svg>\t\t\t\t\t\t<\/div>\n\t\t\t\t\t\t\t\t\t\t\t\t\t\t\t\t<div class=\"swiper-pagination\"><\/div>\n\t\t\t\t\t\t\t\t\t\t\t\t<\/div>\n\t\t\t\t\t\t\t\t<\/div>\n\t\t\t\t<\/div>\n\t\t\t\t<\/div>\n\t\t","protected":false},"excerpt":{"rendered":"<p>PALENQUE Ante el mundo, el mezcal se ha reconocido como parte del patrimonio oaxaque\u00f1o, donde se concentra el 80% de la producci\u00f3n de mezcal, la mayor variedad y diversidad de agave del pa\u00eds. \u201cPalenque\u201d, es como se les llama a las f\u00e1bricas de mezcal en Oaxaca, es ah\u00ed donde se produce nuestro elixir, realizamos su producci\u00f3n bajo la t\u00e9cnica artesanal que se ha conservado durante a\u00f1os y utilizando recursos naturales de sus propios cultivos. En el proceso se involucran varias etapas donde transformamos el agave en una bebida m\u00edstica y espirituosa con caracter\u00edsticas y sabores \u00fanicos. CORTE DEL MAGUEY El proceso inicia con el corte del maguey, en esta etapa seleccionamos y recolectamos las pi\u00f1as (corazones de agave) que han alcanzado el punto \u00f3ptimo de madurez. Eso indica que se ha concentrado la mayor cantidad de az\u00facar, entonces cortamos las pencas y extraemos las pi\u00f1as separ\u00e1ndolas de la ra\u00edz. COCIDO&hellip;<\/p>\n<p> <a class=\"more-link\" href=\"https:\/\/somospecadores.com\/?page_id=268\">Read more<\/a><\/p>\n","protected":false},"author":1,"featured_media":0,"parent":0,"menu_order":0,"comment_status":"closed","ping_status":"closed","template":"elementor_header_footer","meta":{"footnotes":""},"class_list":["post-268","page","type-page","status-publish"],"_links":{"self":[{"href":"https:\/\/somospecadores.com\/index.php?rest_route=\/wp\/v2\/pages\/268","targetHints":{"allow":["GET"]}}],"collection":[{"href":"https:\/\/somospecadores.com\/index.php?rest_route=\/wp\/v2\/pages"}],"about":[{"href":"https:\/\/somospecadores.com\/index.php?rest_route=\/wp\/v2\/types\/page"}],"author":[{"embeddable":true,"href":"https:\/\/somospecadores.com\/index.php?rest_route=\/wp\/v2\/users\/1"}],"replies":[{"embeddable":true,"href":"https:\/\/somospecadores.com\/index.php?rest_route=%2Fwp%2Fv2%2Fcomments&post=268"}],"version-history":[{"count":46,"href":"https:\/\/somospecadores.com\/index.php?rest_route=\/wp\/v2\/pages\/268\/revisions"}],"predecessor-version":[{"id":943,"href":"https:\/\/somospecadores.com\/index.php?rest_route=\/wp\/v2\/pages\/268\/revisions\/943"}],"wp:attachment":[{"href":"https:\/\/somospecadores.com\/index.php?rest_route=%2Fwp%2Fv2%2Fmedia&parent=268"}],"curies":[{"name":"wp","href":"https:\/\/api.w.org\/{rel}","templated":true}]}}